{"id":16489,"date":"2021-04-24T07:19:41","date_gmt":"2021-04-24T11:19:41","guid":{"rendered":"https:\/\/www.monitrol.ca\/produit\/electronic-access-system-kit\/"},"modified":"2026-02-03T17:11:28","modified_gmt":"2026-02-03T22:11:28","slug":"electronic-access-system-kit","status":"publish","type":"product","link":"https:\/\/www.monitrol.com\/en\/product\/electronic-access-system-kit\/","title":{"rendered":"Electronic access system kit"},"content":{"rendered":"","protected":false},"excerpt":{"rendered":"<p>Control access and supervision in isolated areas.<\/p>\n<p>Electronic access system kit for door.<\/p>\n<p>Included in the kit :<\/p>\n<ul>\n<li>1 X Antenna with junction box for wireless communication with FarmQuest (AC-RF)<\/li>\n<li>1 X Door sensor, closed\/open indicator (AC-DMC)<\/li>\n<li>1 X Stainless steel electric strike (AC-S12V)<\/li>\n<li>1 X Accesslock RFID reader (ACCESS LOCK\/READER)<\/li>\n<li>1 X 5-Volt transformer (PSTS-5V)<\/li>\n<li>5 X Cards (IDC) or Keyfobs (IDT)<\/li>\n<\/ul>\n<p>Option :<\/p>\n<ul>\n<li>Card<\/li>\n<li>Key fob<\/li>\n<\/ul>\n<p>&nbsp;<br \/>Contr\u00f4le d&#8217;acc\u00e8s entr\u00e9es et sorties<\/p>\n","protected":false},"featured_media":0,"comment_status":"open","ping_status":"closed","template":"","meta":{"_acf_changed":false},"etheme_brands":[],"product_brand":[],"product_cat":[2897],"product_tag":[],"class_list":{"0":"post-16489","1":"product","2":"type-product","3":"status-publish","5":"product_cat-divers-en","6":"pa_format-card","7":"pa_format-key-fobs","9":"first","10":"instock","11":"shipping-taxable","12":"purchasable","13":"product-type-variable"},"acf":[],"_links":{"self":[{"href":"https:\/\/www.monitrol.com\/en\/wp-json\/wp\/v2\/product\/16489","targetHints":{"allow":["GET"]}}],"collection":[{"href":"https:\/\/www.monitrol.com\/en\/wp-json\/wp\/v2\/product"}],"about":[{"href":"https:\/\/www.monitrol.com\/en\/wp-json\/wp\/v2\/types\/product"}],"replies":[{"embeddable":true,"href":"https:\/\/www.monitrol.com\/en\/wp-json\/wp\/v2\/comments?post=16489"}],"version-history":[{"count":0,"href":"https:\/\/www.monitrol.com\/en\/wp-json\/wp\/v2\/product\/16489\/revisions"}],"wp:attachment":[{"href":"https:\/\/www.monitrol.com\/en\/wp-json\/wp\/v2\/media?parent=16489"}],"wp:term":[{"taxonomy":"brand","embeddable":true,"href":"https:\/\/www.monitrol.com\/en\/wp-json\/wp\/v2\/etheme_brands?post=16489"},{"taxonomy":"product_brand","embeddable":true,"href":"https:\/\/www.monitrol.com\/en\/wp-json\/wp\/v2\/product_brand?post=16489"},{"taxonomy":"product_cat","embeddable":true,"href":"https:\/\/www.monitrol.com\/en\/wp-json\/wp\/v2\/product_cat?post=16489"},{"taxonomy":"product_tag","embeddable":true,"href":"https:\/\/www.monitrol.com\/en\/wp-json\/wp\/v2\/product_tag?post=16489"}],"curies":[{"name":"wp","href":"https:\/\/api.w.org\/{rel}","templated":true}]}}