{"id":12342,"date":"2022-10-11T18:00:30","date_gmt":"2022-10-11T22:00:30","guid":{"rendered":"https:\/\/www.monitrol.caproduit\/24-v-air-vent-slave-module\/"},"modified":"2025-09-16T15:00:09","modified_gmt":"2025-09-16T19:00:09","slug":"24-v-air-vent-slave-module","status":"publish","type":"product","link":"https:\/\/www.monitrol.com\/en\/product\/24-v-air-vent-slave-module\/","title":{"rendered":"24 V air vent slave module"},"content":{"rendered":"<p>Le SVIM\/S peut commander deux types de treuils d\u2019entr\u00e9e d\u2019air: avec ou sans potentiom\u00e8tre de recopie.<\/p>\n<ul>\n<li>Avec potentiom\u00e8tre de recopie: Le positionnement est assur\u00e9 par la lecture du potentiom\u00e8tre de recopie. L\u2019utilisation du potentiom\u00e8tre de recopie permet un positionnement plus pr\u00e9cis de l\u2019entr\u00e9e d\u2019air.<\/li>\n<li>Positionnement chronom\u00e9tr\u00e9 (mode temps): Cette m\u00e9thode est utilis\u00e9e quand le syst\u00e8me d\u2019entr\u00e9e d\u2019air ne poss\u00e8de pas de potentiom\u00e8tre de recopie. Le positionnement est alors assur\u00e9 par le calcul cumulatif des temps de mouvement du treuil, connaissant le temps requis par le treuil pour ouvrir ou fermer compl\u00e8tement.<\/li>\n<\/ul>\n<p><strong>Calibration <\/strong><\/p>\n<p>L\u2019appareil poss\u00e8de une fonction de calibration tr\u00e8s simple \u00e0 utiliser qui lui permet d\u2019\u00e9tablir ses rep\u00e8res de position lors de l\u2019installation.<\/p>\n<p><strong>R\u00e9glages par l\u2019usager <\/strong><\/p>\n<p>Les r\u00e9glages se font par le r\u00e9gulateur h\u00f4te. R\u00e9f\u00e9rez-vous \u00e0 la documentation de ce dernier pour les d\u00e9tails.<\/p>\n<p><strong>S\u00e9curit\u00e9 <\/strong><\/p>\n<p>Le SVIM\/S poss\u00e8de plusieurs caract\u00e9ristiques de s\u00e9curit\u00e9. Advenant une perte de communication avec son r\u00e9gulateur h\u00f4te le SVIM\/S peut continuer d\u2019assurer le positionnement de l\u2019entr\u00e9e d\u2019air en utilisant sa propre sonde de temp\u00e9rature.<\/p>\n<p>L\u2019appareil peut aussi d\u00e9tecter la plupart des situations anormales d\u2019un treuil ou du potentiom\u00e8tre de recopie et y rem\u00e9dier de fa\u00e7on s\u00e9curitaire en attendant que la panne soit r\u00e9par\u00e9e.<\/p>\n","protected":false},"excerpt":{"rendered":"<p>Monitrol con\u00e7oit des modules intelligents d\u00e9di\u00e9s aux secteurs de l&#8217;horticulture, laitier, porcin et volaille. Pour une gestion de votre \u00e9levage \u00e0 distance facile, vos donn\u00e9es sont accessibles sur FarmQuest.<\/p>\n<p>Reli\u00e9 \u00e0 un r\u00e9gulateur h\u00f4te le SVIM\/24S permet de positionner l\u2019entr\u00e9e d\u2019air selon la demande en ventilation.<\/p>\n<p>Module esclave SVIM-1\/24FS est compatible avec les r\u00e9gulateurs Varifan de la <a href=\"https:\/\/monitrol.ca\/produit\/regulateur-multi-palier\/\">s\u00e9rie MD<\/a>.<\/p>\n<p>Mod\u00e8les compatibles<\/p>\n<ul>\n<li>MD-22+\/KIT24<\/li>\n<li>MD-33+\/KIT24<\/li>\n<\/ul>\n<p>Module esclave pour entr\u00e9e d&#8217;air 24 volts<\/p>\n","protected":false},"featured_media":5322,"comment_status":"closed","ping_status":"closed","template":"","meta":{"_acf_changed":false},"etheme_brands":[{"term_id":2920,"name":"Varifan","slug":"varifan-en","term_group":0,"term_taxonomy_id":2920,"taxonomy":"brand","description":"","parent":0,"count":112,"filter":"raw","term_order":"0"}],"product_brand":[],"product_cat":[2226,2283,2343,2156,2164,2160,2279,2222,2287,2230,2347,2168],"product_tag":[],"class_list":{"0":"post-12342","1":"product","2":"type-product","3":"status-publish","4":"has-post-thumbnail","6":"brand-varifan-en","7":"product_cat-controllers-expansion-modules","8":"product_cat-controllers-expansion-modules-dairy","9":"product_cat-controllers-expansion-modules-swine","10":"product_cat-poultry","11":"product_cat-controller-expansion-modules-poultry","12":"product_cat-swine","13":"product_cat-dairy","14":"product_cat-horticultural","15":"product_cat-air-inlets-controllers-dairy","16":"product_cat-air-inlets-controllers-horticultural","17":"product_cat-air-inlets-swine","18":"product_cat-air-inlets-poultry","19":"pa_format-english","20":"pa_format-french","22":"first","23":"instock","24":"purchasable","25":"product-type-simple"},"acf":[],"_links":{"self":[{"href":"https:\/\/www.monitrol.com\/en\/wp-json\/wp\/v2\/product\/12342","targetHints":{"allow":["GET"]}}],"collection":[{"href":"https:\/\/www.monitrol.com\/en\/wp-json\/wp\/v2\/product"}],"about":[{"href":"https:\/\/www.monitrol.com\/en\/wp-json\/wp\/v2\/types\/product"}],"replies":[{"embeddable":true,"href":"https:\/\/www.monitrol.com\/en\/wp-json\/wp\/v2\/comments?post=12342"}],"version-history":[{"count":0,"href":"https:\/\/www.monitrol.com\/en\/wp-json\/wp\/v2\/product\/12342\/revisions"}],"wp:featuredmedia":[{"embeddable":true,"href":"https:\/\/www.monitrol.com\/en\/wp-json\/wp\/v2\/media\/5322"}],"wp:attachment":[{"href":"https:\/\/www.monitrol.com\/en\/wp-json\/wp\/v2\/media?parent=12342"}],"wp:term":[{"taxonomy":"brand","embeddable":true,"href":"https:\/\/www.monitrol.com\/en\/wp-json\/wp\/v2\/etheme_brands?post=12342"},{"taxonomy":"product_brand","embeddable":true,"href":"https:\/\/www.monitrol.com\/en\/wp-json\/wp\/v2\/product_brand?post=12342"},{"taxonomy":"product_cat","embeddable":true,"href":"https:\/\/www.monitrol.com\/en\/wp-json\/wp\/v2\/product_cat?post=12342"},{"taxonomy":"product_tag","embeddable":true,"href":"https:\/\/www.monitrol.com\/en\/wp-json\/wp\/v2\/product_tag?post=12342"}],"curies":[{"name":"wp","href":"https:\/\/api.w.org\/{rel}","templated":true}]}}