{"id":12336,"date":"2022-10-11T18:00:34","date_gmt":"2022-10-11T22:00:34","guid":{"rendered":"https:\/\/www.monitrol.caproduit\/actuator-module-with-potentiometer-dip-1c\/"},"modified":"2026-02-03T17:10:54","modified_gmt":"2026-02-03T22:10:54","slug":"actuator-module-with-potentiometer-dip-1c","status":"publish","type":"product","link":"https:\/\/www.monitrol.com\/en\/product\/actuator-module-with-potentiometer-dip-1c\/","title":{"rendered":"Actuator module with potentiometer DIP-1C"},"content":{"rendered":"<p>Le DIP-1C permet de contr\u00f4ler une entr\u00e9e d\u2019air selon l\u2019information re\u00e7ue par un ou deux r\u00e9gulateurs.<\/p>\n<p>L\u2019entr\u00e9e d\u2019air ouvre progressivement selon le niveau de ventilation.<\/p>\n<p>Certaines positions peuvent \u00eatre influenc\u00e9es par la temp\u00e9rature ext\u00e9rieure.<\/p>\n<p>Lorsque le potentiom\u00e8tre de l\u2019actuateur est d\u00e9fectueux, une alarme surviendra.<\/p>\n","protected":false},"excerpt":{"rendered":"<p>This control allows a minimum positioning or selection for summer and winter, to avoid abrupt temperature changes.<\/p>\n<ul>\n<li>Compatible with 1 or 2 controls of the <a href=\"https:\/\/monitrol.ca\/en\/product\/multi-stage-controller\/\">MD series<\/a>.<\/li>\n<li>Automatic detection of the ventilation stage.<\/li>\n<li>110 VDC power potentiometer (115 VAC) 50\/60Hz.<\/li>\n<li>1 exterior probe 2004-1KLT included.<\/li>\n<\/ul>\n<p>Latest generation of DIP\/V110 and DIP-1\/V24 models<br \/>Servo-positioner for actuator with potentiometer<\/p>\n","protected":false},"featured_media":5345,"comment_status":"closed","ping_status":"closed","template":"","meta":{"_acf_changed":false},"etheme_brands":[{"term_id":2920,"name":"Varifan","slug":"varifan-en","term_group":0,"term_taxonomy_id":2920,"taxonomy":"brand","description":"","parent":0,"count":112,"filter":"raw","term_order":"0"}],"product_brand":[],"product_cat":[2378,2198,2226,2257,2283,2313,2156,2343,2164,2160,2279,2222,2256,2312,2287,2168,2197,2230,2347,2377],"product_tag":[],"class_list":{"0":"post-12336","1":"product","2":"type-product","3":"status-publish","4":"has-post-thumbnail","6":"brand-varifan-en","7":"product_cat-actuators-cylinders","8":"product_cat-actuators-cylinder-ventilation-poultry","9":"product_cat-controllers-expansion-modules","10":"product_cat-actuators-cylinder-horticultural","11":"product_cat-controllers-expansion-modules-dairy","12":"product_cat-actuators-cylinders-ventilation-dairy","13":"product_cat-poultry","14":"product_cat-controllers-expansion-modules-swine","15":"product_cat-controller-expansion-modules-poultry","16":"product_cat-swine","17":"product_cat-dairy","18":"product_cat-horticultural","19":"product_cat-ventilation-horticultural","20":"product_cat-ventilation-dairy","21":"product_cat-air-inlets-controllers-dairy","22":"product_cat-air-inlets-poultry","23":"product_cat-ventilation-poultry","24":"product_cat-air-inlets-controllers-horticultural","25":"product_cat-air-inlets-swine","26":"product_cat-ventilation-swine-en","28":"first","29":"instock","30":"purchasable","31":"product-type-simple"},"acf":[],"_links":{"self":[{"href":"https:\/\/www.monitrol.com\/en\/wp-json\/wp\/v2\/product\/12336","targetHints":{"allow":["GET"]}}],"collection":[{"href":"https:\/\/www.monitrol.com\/en\/wp-json\/wp\/v2\/product"}],"about":[{"href":"https:\/\/www.monitrol.com\/en\/wp-json\/wp\/v2\/types\/product"}],"replies":[{"embeddable":true,"href":"https:\/\/www.monitrol.com\/en\/wp-json\/wp\/v2\/comments?post=12336"}],"version-history":[{"count":0,"href":"https:\/\/www.monitrol.com\/en\/wp-json\/wp\/v2\/product\/12336\/revisions"}],"wp:featuredmedia":[{"embeddable":true,"href":"https:\/\/www.monitrol.com\/en\/wp-json\/wp\/v2\/media\/5345"}],"wp:attachment":[{"href":"https:\/\/www.monitrol.com\/en\/wp-json\/wp\/v2\/media?parent=12336"}],"wp:term":[{"taxonomy":"brand","embeddable":true,"href":"https:\/\/www.monitrol.com\/en\/wp-json\/wp\/v2\/etheme_brands?post=12336"},{"taxonomy":"product_brand","embeddable":true,"href":"https:\/\/www.monitrol.com\/en\/wp-json\/wp\/v2\/product_brand?post=12336"},{"taxonomy":"product_cat","embeddable":true,"href":"https:\/\/www.monitrol.com\/en\/wp-json\/wp\/v2\/product_cat?post=12336"},{"taxonomy":"product_tag","embeddable":true,"href":"https:\/\/www.monitrol.com\/en\/wp-json\/wp\/v2\/product_tag?post=12336"}],"curies":[{"name":"wp","href":"https:\/\/api.w.org\/{rel}","templated":true}]}}