{"id":12181,"date":"2022-10-11T18:00:05","date_gmt":"2022-10-11T22:00:05","guid":{"rendered":"https:\/\/www.monitrol.caproduit\/variable-speed-module-switch-2-outputs\/"},"modified":"2025-09-18T09:05:28","modified_gmt":"2025-09-18T13:05:28","slug":"variable-speed-module-switch-2-outputs","status":"publish","type":"product","link":"https:\/\/www.monitrol.com\/en\/product\/variable-speed-module-switch-2-outputs\/","title":{"rendered":"Variable Speed Module, Switch, 2 Outputs"},"content":{"rendered":"<p>L\u2019interrupteur permet aux ventilateurs de se placer dans un des trois modes suivants :<\/p>\n<ul>\n<li>MAN Pour faire fonctionner les ventilateurs continuellement, placez l\u2019interrupteur \u00e0 MAN et ajustez la vitesse via le potentiom\u00e8tre d\u2019ajustement de vitesse.<\/li>\n<li>AUTO Pour permettre aux ventilateurs de fonctionner sous le contr\u00f4le du r\u00e9gulateur ma\u00eetre, placez l\u2019interrupteur \u00e0 AUTO<\/li>\n<li>OFF Pour arr\u00eater les ventilateurs de fa\u00e7on permanente, placez l\u2019interrupteur \u00e0 la position OFF.<\/li>\n<\/ul>\n<p>Seul le <strong>VSM-2 (2 sorties)<\/strong> vous informe de son \u00e9tat via les voyants DELs, lorsqu&#8217;il est contr\u00f4l\u00e9 par un r\u00e9gulateur ma\u00eetre.<\/p>\n<p>Le<strong> VSM-2\/2 (1 sorties doubl\u00e9es)<\/strong> vous offre un contr\u00f4le automatis\u00e9 sur ses deux stages via l&#8217;utilisation de la commande principale, ou alternativement par un commutateur manuel et un cadran de contr\u00f4le sur le panneau avant du VSM-2\/2.<\/p>\n","protected":false},"excerpt":{"rendered":"<p>Modules con\u00e7us pour actionner 2 ventilateurs variables d\u2019un maximum de 2 HP, \u00e0 partir d&#8217;un r\u00e9gulateur ma\u00eetre de la <a href=\"https:\/\/monitrol.ca\/produit\/regulateur-avec-logique-programmable\/\">s\u00e9rie IC.<\/a><\/p>\n<p>Le <strong>VSM-2<\/strong> poss\u00e8de <strong>2 sorties ind\u00e9pendantes<\/strong> qui laissent la possibilit\u00e9 de g\u00e9rer 2 ventilateurs de mani\u00e8re individuelle.<\/p>\n<p>Le <strong>VSM-2\/2<\/strong> offre <strong>une (1) sortie doubl\u00e9e<\/strong> pour un contr\u00f4le identique sur les 2 appareils de ventilation.<\/p>\n<p>La fa\u00e7ade des modules poss\u00e8de<\/p>\n<ul>\n<li>2 interrupteurs \u00e0 trois positions<\/li>\n<li>2 potentiom\u00e8tres d\u2019ajustement de vitesse<\/li>\n<li>2 DELs d\u2019\u00e9tat.<\/li>\n<\/ul>\n<p>Module vitesse variable, Interrupteur, 2 sorties<\/p>\n","protected":false},"featured_media":5788,"comment_status":"closed","ping_status":"closed","template":"","meta":{"_acf_changed":false},"etheme_brands":[{"term_id":2920,"name":"Varifan","slug":"varifan-en","term_group":0,"term_taxonomy_id":2920,"taxonomy":"brand","description":"","parent":0,"count":112,"filter":"raw","term_order":"0"}],"product_brand":[],"product_cat":[2226,2283,2343,2156,2164,2160,2279,2222,2286,2167,2229,2346],"product_tag":[],"class_list":{"0":"post-12181","1":"product","2":"type-product","3":"status-publish","4":"has-post-thumbnail","6":"brand-varifan-en","7":"product_cat-controllers-expansion-modules","8":"product_cat-controllers-expansion-modules-dairy","9":"product_cat-controllers-expansion-modules-swine","10":"product_cat-poultry","11":"product_cat-controller-expansion-modules-poultry","12":"product_cat-swine","13":"product_cat-dairy","14":"product_cat-horticultural","15":"product_cat-other-controllers-controllers-dairy","16":"product_cat-other-controllers-poultry","17":"product_cat-other-controllers-controllers-horticultural","18":"product_cat-other-controllers-swine","19":"pa_format-1-double-output","20":"pa_format-2-outputs","22":"first","23":"instock","24":"purchasable","25":"product-type-variable"},"acf":[],"_links":{"self":[{"href":"https:\/\/www.monitrol.com\/en\/wp-json\/wp\/v2\/product\/12181","targetHints":{"allow":["GET"]}}],"collection":[{"href":"https:\/\/www.monitrol.com\/en\/wp-json\/wp\/v2\/product"}],"about":[{"href":"https:\/\/www.monitrol.com\/en\/wp-json\/wp\/v2\/types\/product"}],"replies":[{"embeddable":true,"href":"https:\/\/www.monitrol.com\/en\/wp-json\/wp\/v2\/comments?post=12181"}],"version-history":[{"count":0,"href":"https:\/\/www.monitrol.com\/en\/wp-json\/wp\/v2\/product\/12181\/revisions"}],"wp:featuredmedia":[{"embeddable":true,"href":"https:\/\/www.monitrol.com\/en\/wp-json\/wp\/v2\/media\/5788"}],"wp:attachment":[{"href":"https:\/\/www.monitrol.com\/en\/wp-json\/wp\/v2\/media?parent=12181"}],"wp:term":[{"taxonomy":"brand","embeddable":true,"href":"https:\/\/www.monitrol.com\/en\/wp-json\/wp\/v2\/etheme_brands?post=12181"},{"taxonomy":"product_brand","embeddable":true,"href":"https:\/\/www.monitrol.com\/en\/wp-json\/wp\/v2\/product_brand?post=12181"},{"taxonomy":"product_cat","embeddable":true,"href":"https:\/\/www.monitrol.com\/en\/wp-json\/wp\/v2\/product_cat?post=12181"},{"taxonomy":"product_tag","embeddable":true,"href":"https:\/\/www.monitrol.com\/en\/wp-json\/wp\/v2\/product_tag?post=12181"}],"curies":[{"name":"wp","href":"https:\/\/api.w.org\/{rel}","templated":true}]}}