{"id":12086,"date":"2022-10-11T18:41:31","date_gmt":"2022-10-11T22:41:31","guid":{"rendered":"https:\/\/www.monitrol.caproduit\/fuse-3a-3ab-slow-blow-csa\/"},"modified":"2025-09-16T08:40:24","modified_gmt":"2025-09-16T12:40:24","slug":"fuse-3a-3ab-slow-blow-csa","status":"publish","type":"product","link":"https:\/\/www.monitrol.com\/en\/product\/fuse-3a-3ab-slow-blow-csa\/","title":{"rendered":"Fuse 3A 3AB slow-blow CSA"},"content":{"rendered":"","protected":false},"excerpt":{"rendered":"<p>Monitrol vend toute une gamme d&#8217;accessoires pour le domaine de production agricole, notamment en ce qui a trait \u00e0 la ventilation de vos b\u00e2timents d&#8217;\u00e9levage et leur \u00e9clairage, ainsi que la gestion de vos inventaires et consommations: compteurs d&#8217;eau, compteurs d&#8217;\u0153ufs, de moul\u00e9e, etc.<br \/>Fusible 3A 3AB SLOW-BLOW CSA<\/p>\n","protected":false},"featured_media":1943,"comment_status":"closed","ping_status":"closed","template":"","meta":{"_acf_changed":false},"etheme_brands":[{"term_id":2920,"name":"Varifan","slug":"varifan-en","term_group":0,"term_taxonomy_id":2920,"taxonomy":"brand","description":"","parent":0,"count":112,"filter":"raw","term_order":"0"},{"term_id":2921,"name":"Genius","slug":"genius-en","term_group":0,"term_taxonomy_id":2921,"taxonomy":"brand","description":"","parent":0,"count":107,"filter":"raw","term_order":"0"}],"product_brand":[],"product_cat":[2156,2160,2279,2222],"product_tag":[],"class_list":{"0":"post-12086","1":"product","2":"type-product","3":"status-publish","4":"has-post-thumbnail","6":"brand-varifan-en","7":"brand-genius-en","8":"product_cat-poultry","9":"product_cat-swine","10":"product_cat-dairy","11":"product_cat-horticultural","13":"first","14":"instock","15":"purchasable","16":"product-type-simple"},"acf":[],"_links":{"self":[{"href":"https:\/\/www.monitrol.com\/en\/wp-json\/wp\/v2\/product\/12086","targetHints":{"allow":["GET"]}}],"collection":[{"href":"https:\/\/www.monitrol.com\/en\/wp-json\/wp\/v2\/product"}],"about":[{"href":"https:\/\/www.monitrol.com\/en\/wp-json\/wp\/v2\/types\/product"}],"replies":[{"embeddable":true,"href":"https:\/\/www.monitrol.com\/en\/wp-json\/wp\/v2\/comments?post=12086"}],"version-history":[{"count":0,"href":"https:\/\/www.monitrol.com\/en\/wp-json\/wp\/v2\/product\/12086\/revisions"}],"wp:featuredmedia":[{"embeddable":true,"href":"https:\/\/www.monitrol.com\/en\/wp-json\/wp\/v2\/media\/1943"}],"wp:attachment":[{"href":"https:\/\/www.monitrol.com\/en\/wp-json\/wp\/v2\/media?parent=12086"}],"wp:term":[{"taxonomy":"brand","embeddable":true,"href":"https:\/\/www.monitrol.com\/en\/wp-json\/wp\/v2\/etheme_brands?post=12086"},{"taxonomy":"product_brand","embeddable":true,"href":"https:\/\/www.monitrol.com\/en\/wp-json\/wp\/v2\/product_brand?post=12086"},{"taxonomy":"product_cat","embeddable":true,"href":"https:\/\/www.monitrol.com\/en\/wp-json\/wp\/v2\/product_cat?post=12086"},{"taxonomy":"product_tag","embeddable":true,"href":"https:\/\/www.monitrol.com\/en\/wp-json\/wp\/v2\/product_tag?post=12086"}],"curies":[{"name":"wp","href":"https:\/\/api.w.org\/{rel}","templated":true}]}}