{"id":12000,"date":"2022-10-11T18:00:34","date_gmt":"2022-10-11T22:00:34","guid":{"rendered":"https:\/\/www.monitrol.caproduit\/controller-with-programmable-logic\/"},"modified":"2025-09-16T14:44:55","modified_gmt":"2025-09-16T18:44:55","slug":"controller-with-programmable-logic","status":"publish","type":"product","link":"https:\/\/www.monitrol.com\/en\/product\/controller-with-programmable-logic\/","title":{"rendered":"Controller with programmable logic"},"content":{"rendered":"<p><strong>6 mod\u00e8les de r\u00e9gulateurs<\/strong> param\u00e9trables pour r\u00e9pondre \u00e0 vos besoins.<\/p>\n<p>R\u00e9gulateur <strong>IC-410ND<\/strong> comprend :<\/p>\n<ul>\n<li><strong>4 entr\u00e9es<\/strong> soit pour sonde temp\u00e9rature, humidit\u00e9, pression statique, 2 signaux 4@20MA<\/li>\n<li>1 sonde 2004-1K incluse (I pied)<\/li>\n<li><strong>2 ports<\/strong> de communication pour modules externes (MGCB)<\/li>\n<li><strong>8 relais<\/strong> de 10 AMP. MAX<\/li>\n<li>sans affichage LCD<\/li>\n<\/ul>\n<p>R\u00e9gulateur <strong>IC-45\/ND<\/strong> comprend :<\/p>\n<ul>\n<li><strong>4 entr\u00e9es<\/strong> soit pour sonde temp\u00e9rature, humidit\u00e9, pression statique, 2 signaux 4@20MA<\/li>\n<li>1 sonde 2004-1K incluse (I pied)<\/li>\n<li><strong>1 port<\/strong> de communication pour modules externes (MGCB)<\/li>\n<li><strong>4 relais<\/strong> de 10 AMP. MAX<\/li>\n<li>sans affichage LCD<\/li>\n<\/ul>\n<p>R\u00e9gulateur <strong>IC6-10<\/strong> comprend:<\/p>\n<ul>\n<li><strong>6 entr\u00e9es<\/strong> soit pour sonde temp\u00e9rature, humidit\u00e9, pression statique, 2 signaux 4@20MA<\/li>\n<li>1 sonde de temp\u00e9rature 2004-1K (1 pied)<\/li>\n<li><strong>4 ports<\/strong> de communication pour modules externes (MGCB)<\/li>\n<li><strong>6 relais<\/strong> de 10 AMP. MAX<\/li>\n<li>avec afficheur LCD<\/li>\n<\/ul>\n<p>R\u00e9gulateur <strong>IC-664<\/strong> comprend:<\/p>\n<ul>\n<li><strong>6 entr\u00e9es<\/strong> soit pour sonde temp\u00e9rature, humidit\u00e9, pression statique, 2 signaux 4@20MA<\/li>\n<li>1 sonde 2004-1K (1 pied) incluse<\/li>\n<li><strong>4 paliers<\/strong> variables int\u00e9rieurs 10 AMP. MAX avec courbes moteurs et paliers 1 &amp; 2 qui se chevauchent<\/li>\n<li><strong>4 relais<\/strong> de 10 AMP. MAX<\/li>\n<li><strong>2 ports<\/strong> de communication pour modules externes (MGCB)<\/li>\n<li>avec affichage LCD<\/li>\n<\/ul>\n<p>r\u00e9gulateur <strong>IC-68ND<\/strong> comprend:<\/p>\n<ul>\n<li><strong>6 entr\u00e9es<\/strong> soit pour sonde temp\u00e9rature, humidit\u00e9, pression statique, 2 signaux 4@20MA<\/li>\n<li>1 sonde de temp\u00e9rature 2004-1K incluse (1 pied)<\/li>\n<li><strong>2 paliers variable<\/strong>s int\u00e9rieurs 10 AMP. MAX avec courbes moteurs et paliers 1 &amp; 2 qui se chevauchent<\/li>\n<li><strong>2 ports<\/strong> de communication pour modules externes (MGCB)<\/li>\n<li><strong>4 relais<\/strong> de 10 AMP. MAX<\/li>\n<li>sans affichage LCD<\/li>\n<\/ul>\n<p>Esclave <strong>IC-610\/SL<\/strong> comprend:<\/p>\n<ul>\n<li><strong>6 entr\u00e9es<\/strong> soit pour sonde temp\u00e9rature, humidit\u00e9, pression statique, 2 signaux 4@20MA<\/li>\n<li><strong>4 ports<\/strong> de communication pour modules externes (MGCB)<\/li>\n<li><strong>6 relais<\/strong> de 10 AMP. MAX<\/li>\n<li>sans affichage LCD<\/li>\n<\/ul>\n","protected":false},"excerpt":{"rendered":"<p>Series of controllers and slaves with programmable logic to offer numerous possibilities.<\/p>\n<p>The Varifan IC series includes <strong>6 controllers<\/strong> that can be programmed to meet your needs.<\/p>\n<ul>\n<li>Set temperature in Fahrenheit or Celsius.<\/li>\n<li>Alarm relay with time delay.<\/li>\n<li>Up to 4 communication ports for external modules.<\/li>\n<li>1 temperature sensor included.<\/li>\n<li>Possibility to communicate with a local or remote computer.<\/li>\n<\/ul>\n<p>Optional &#8211; <strong>IC-610\/SL<\/strong> slave to expand your IC controller capacity<br \/>Programmable controller<\/p>\n","protected":false},"featured_media":5329,"comment_status":"closed","ping_status":"closed","template":"","meta":{"_acf_changed":false},"etheme_brands":[{"term_id":2920,"name":"Varifan","slug":"varifan-en","term_group":0,"term_taxonomy_id":2920,"taxonomy":"brand","description":"","parent":0,"count":112,"filter":"raw","term_order":"0"}],"product_brand":[],"product_cat":[2343,2156,2164,2226,2283,2160,2279,2222,2293,2354,2175,2237],"product_tag":[],"class_list":{"0":"post-12000","1":"product","2":"type-product","3":"status-publish","4":"has-post-thumbnail","6":"brand-varifan-en","7":"product_cat-controllers-expansion-modules-swine","8":"product_cat-poultry","9":"product_cat-controller-expansion-modules-poultry","10":"product_cat-controllers-expansion-modules","11":"product_cat-controllers-expansion-modules-dairy","12":"product_cat-swine","13":"product_cat-dairy","14":"product_cat-horticultural","15":"product_cat-ic-series-controllers-dairy","16":"product_cat-ic-series-swine","17":"product_cat-ic-series-regulators-poultry","18":"product_cat-ic-series-controllers-horticultural","19":"pa_format-4-inputs-4-relay-1-com-ic-45-nd","20":"pa_format-4-inputs-8-relays-2-com-ic-410nd","21":"pa_format-6-inputs-4-relays-2-com-4-var-ic-664","22":"pa_format-6-inputs-6-relays-4-com-ic6-10","23":"pa_format-6-inputss-4-relays-2-com-2-var-ic-68nd","24":"pa_format-slave-ic-610-sl","26":"first","27":"instock","28":"purchasable","29":"product-type-variable"},"acf":[],"_links":{"self":[{"href":"https:\/\/www.monitrol.com\/en\/wp-json\/wp\/v2\/product\/12000","targetHints":{"allow":["GET"]}}],"collection":[{"href":"https:\/\/www.monitrol.com\/en\/wp-json\/wp\/v2\/product"}],"about":[{"href":"https:\/\/www.monitrol.com\/en\/wp-json\/wp\/v2\/types\/product"}],"replies":[{"embeddable":true,"href":"https:\/\/www.monitrol.com\/en\/wp-json\/wp\/v2\/comments?post=12000"}],"version-history":[{"count":0,"href":"https:\/\/www.monitrol.com\/en\/wp-json\/wp\/v2\/product\/12000\/revisions"}],"wp:featuredmedia":[{"embeddable":true,"href":"https:\/\/www.monitrol.com\/en\/wp-json\/wp\/v2\/media\/5329"}],"wp:attachment":[{"href":"https:\/\/www.monitrol.com\/en\/wp-json\/wp\/v2\/media?parent=12000"}],"wp:term":[{"taxonomy":"brand","embeddable":true,"href":"https:\/\/www.monitrol.com\/en\/wp-json\/wp\/v2\/etheme_brands?post=12000"},{"taxonomy":"product_brand","embeddable":true,"href":"https:\/\/www.monitrol.com\/en\/wp-json\/wp\/v2\/product_brand?post=12000"},{"taxonomy":"product_cat","embeddable":true,"href":"https:\/\/www.monitrol.com\/en\/wp-json\/wp\/v2\/product_cat?post=12000"},{"taxonomy":"product_tag","embeddable":true,"href":"https:\/\/www.monitrol.com\/en\/wp-json\/wp\/v2\/product_tag?post=12000"}],"curies":[{"name":"wp","href":"https:\/\/api.w.org\/{rel}","templated":true}]}}